{"id":1665,"date":"2021-01-26T15:09:57","date_gmt":"2021-01-26T14:09:57","guid":{"rendered":"https:\/\/www.ifz-salzburg.at\/datenschutzerklaerung\/"},"modified":"2021-12-09T09:17:20","modified_gmt":"2021-12-09T08:17:20","slug":"privacy-policy","status":"publish","type":"page","link":"https:\/\/www.ifz-salzburg.at\/en\/privacy-policy\/","title":{"rendered":"Privacy policy"},"content":{"rendered":"<h1>Privacy policy<\/h1>\n<p>Our privacy policy is only available in german.<\/p>\n<h2>Datenschutzerkl\u00e4rung<\/h2>\n<div class=\"text \">\n<p>Der Schutz Ihrer pers\u00f6nlichen Daten ist uns ein besonderes Anliegen. Wir verarbeiten Ihre Daten daher ausschlie\u00dflich auf Grundlage der gesetzlichen Bestimmungen (DSGVO, TKG 2003). Die nachfolgende Datenschutzerkl\u00e4rung informiert Sie \u00fcber die Erhebung und Verarbeitung von personenbezogenen Daten auf dieser Webseite. Es soll Ihnen erl\u00e4utert werden, wie wir mit Ihren personenbezogenen Daten umgehen.<\/p>\n<p><strong>Kontaktaufnahme mit uns<\/strong><\/p>\n<p>Wenn Sie per Formular auf der Website oder per E-Mail Kontakt mit uns aufnehmen, werden Ihre angegebenen Daten zwecks Bearbeitung der Anfrage bei uns gespeichert. Sie erkl\u00e4ren sich damit einverstanden, dass ihre angegebenen Personendaten (etwa: Anrede, Vor- und Nachname, E-Mail-Adresse, Ihre Nachricht, ggf. auch IP-Adresse, Anschrift und Telefonnummer usw.) elektronisch erfasst und verarbeitet werden. Dabei gelten die Grunds\u00e4tze der Datenminimierung und der Speicherbegrenzung. Personenbezogene Daten werden ausschlie\u00dflich f\u00fcr die Dauer der Zweckerf\u00fcllung gespeichert. Diese Daten geben wir nicht ohne Ihre Einwilligung weiter.<\/p>\n<p><strong>Newsletter<br \/>\n<\/strong><\/p>\n<p>Sie haben die M\u00f6glichkeit, \u00fcber unsere Website unseren Newsletter zu abonnieren. Daf\u00fcr ben\u00f6tigen wir Ihre E-Mail-Adresse und ihre Erkl\u00e4rung, dass Sie mit dem Bezug des Newsletters einverstanden sind.<\/p>\n<p>Sobald Sie sich f\u00fcr den Newsletter angemeldet haben, senden wir Ihnen ein Best\u00e4tigungs-E-Mail mit einem Link zur Best\u00e4tigung der Anmeldung.<\/p>\n<p>Wir verwenden diese Daten ausschlie\u00dflich zu folgenden Zwecken:<\/p>\n<p>\u2013 Zusendung eines Newsletters ca. 6-mal j\u00e4hrlich mit Informationen zu Forschungs-Projekten<br \/>\n\u2013 Veranstaltungshinweise via email<\/p>\n<p>Das Abo des Newsletters k\u00f6nnen Sie jederzeit stornieren; \u00fcber einen Link am Ende des Newsletters oder durch Senden einer email an folgende E-Mail-Adresse: <a href=\"mailto:office[at]ifz-salzburg.at\" target=\"_blank\" rel=\"noopener\">office [at] ifz-salzburg.at<\/a>. Wir l\u00f6schen anschlie\u00dfend umgehend Ihre Daten im Zusammenhang mit dem Newsletter-Versand.<\/p>\n<p><strong>Datenschutz w\u00e4hrend Ihres Aufenthaltes auf unserer Website<\/strong><\/p>\n<p>Auf unserer Website m\u00f6chten wir Sie \u00fcber unsere Forschungseinrichtung im Allgemeinen, \u00fcber Projekte und bei uns stattfindende Veranstaltungen sowie aktuelle Neuigkeiten informieren.<\/p>\n<p>Bei jedem Besuch dieser Webseite werden automatisch (zum Teil personenbezogene) Daten erhoben und verarbeitet. Die folgenden Daten werden zum Zweck, Besucherstatistiken \u00fcber die Nutzung dieser Webseite zu erstellen, die Webseite zu verbessern und vor Cyberattacken zu sch\u00fctzen, erhoben:<\/p>\n<p>\u2013 Datum und Besuch der URL, auf der sich der Besucher befindet,<br \/>\n\u2013 verwendeter Browser,<br \/>\n\u2013 verwendetes Betriebssystem,<br \/>\n\u2013 die IP-Adresse des Besuchers.<\/p>\n<p><strong>Cookies<\/strong><\/p>\n<p>Unsere Website verwendet sogenannte Cookies. Dabei handelt es sich um kleine Textdateien, die mit Hilfe des Browsers auf Ihrem Endger\u00e4t abgelegt werden. Sie richten keinen Schaden an.<\/p>\n<p>Wir nutzen Cookies dazu, unser Angebot nutzerfreundlich zu gestalten. Einige Cookies bleiben auf Ihrem Endger\u00e4t einen Monat lang gespeichert. Sie erm\u00f6glichen es uns, Ihren Browser beim n\u00e4chsten Besuch wiederzuerkennen.<\/p>\n<p>Wenn Sie dies nicht w\u00fcnschen, so k\u00f6nnen Sie Ihren Browser so einrichten, dass er Sie \u00fcber das Setzen von Cookies informiert und Sie dies nur im Einzelfall erlauben. Sie k\u00f6nnen Cookies auch deaktivieren, bei der Deaktivierung von Cookies kann die Funktionalit\u00e4t unserer Website eingeschr\u00e4nkt sein.<\/p>\n<p><strong>Analyse-Tools<\/strong><\/p>\n<p><strong>Facebook Pixel<\/strong><\/p>\n<p>Diese Website nutzt zur Konversionsmessung das Besucheraktions-Pixel von Facebook. Anbieter dieses Dienstes ist die Facebook Ireland Limited, 4 Grand Canal Square, Dublin 2, Irland. Die erfassten Daten werden nach Aussage von Facebook jedoch auch in die USA und in andere Drittl\u00e4nder \u00fcbertragen.<\/p>\n<p>So kann das Verhalten der Seitenbesucher nachverfolgt werden, nachdem diese durch Klick auf eine Facebook-Werbeanzeige auf die Website des Anbieters weitergeleitet wurden. Dadurch k\u00f6nnen die Wirksamkeit der Facebook-Werbeanzeigen f\u00fcr statistische und Marktforschungszwecke ausgewertet werden und zuk\u00fcnftige Werbema\u00dfnahmen optimiert werden.<\/p>\n<p>Die erhobenen Daten sind f\u00fcr uns als Betreiber dieser Website anonym, wir k\u00f6nnen keine R\u00fcckschl\u00fcsse auf die Identit\u00e4t der Nutzer ziehen. Die Daten werden aber von Facebook gespeichert und verarbeitet, sodass eine Verbindung zum jeweiligen Nutzerprofil m\u00f6glich ist und Facebook die Daten f\u00fcr eigene Werbezwecke, entsprechend der <a href=\"https:\/\/de-de.facebook.com\/about\/privacy\/\" target=\"_blank\" rel=\"noreferrer noopener\">Facebook-Datenverwendungsrichtlinie<\/a> verwenden kann. Dadurch kann Facebook das Schalten von Werbeanzeigen auf Seiten von Facebook sowie au\u00dferhalb von Facebook erm\u00f6glichen. Diese Verwendung der Daten kann von uns als Seitenbetreiber nicht beeinflusst werden.<\/p>\n<p>Die Nutzung von Facebook-Pixel erfolgt auf Grundlage von Art. 6 Abs. 1 lit. f DSGVO. Der Websitebetreiber hat ein berechtigtes Interesse an effektiven Werbema\u00dfnahmen unter Einschluss der sozialen Medien. Sofern eine entsprechende Einwilligung abgefragt wurde (z. B. eine Einwilligung zur Speicherung von Cookies), erfolgt die Verarbeitung ausschlie\u00dflich auf Grundlage von Art. 6 Abs. 1 lit. a DSGVO; die Einwilligung ist jederzeit widerrufbar.<\/p>\n<p>In den Datenschutzhinweisen von Facebook finden Sie weitere Hinweise zum Schutz Ihrer Privatsph\u00e4re: <a href=\"https:\/\/de-de.facebook.com\/about\/privacy\/\" target=\"_blank\" rel=\"noreferrer noopener\">https:\/\/de-de.facebook.com\/about\/privacy\/<\/a>.<\/p>\n<p>Sie k\u00f6nnen au\u00dferdem die Remarketing-Funktion \u00bbCustom Audiences\u00ab im Bereich Einstellungen f\u00fcr Werbeanzeigen unter <a href=\"https:\/\/www.facebook.com\/ads\/preferences\/?entry_product=ad_settings_screen\" target=\"_blank\" rel=\"noreferrer noopener\">https:\/\/www.facebook.com\/ads\/preferences\/?entry_product=ad_settings_screen<\/a> deaktivieren. Dazu m\u00fcssen Sie bei Facebook angemeldet sein.<\/p>\n<p>Wenn Sie kein Facebook Konto besitzen, k\u00f6nnen Sie nutzungsbasierte Werbung von Facebook auf der Website der European Interactive Digital Advertising Alliance deaktivieren: <a href=\"http:\/\/www.youronlinechoices.com\/de\/praferenzmanagement\/\" target=\"_blank\" rel=\"noreferrer noopener\">http:\/\/www.youronlinechoices.com\/de\/praferenzmanagement\/<\/a>.<\/p>\n<p><strong>Social Media<\/strong><\/p>\n<p>Auf unserer Website werden Plugins der bekannten Social Media Netzwerke (zB. Facebooks \u201eLike-Button\u201c, Twitters \u201eTweet-Button\u201c, Googles \u201ePlus-Button\u201c) eingesetzt. Diese Buttons \u00fcbertragen bereits beim Laden des verlinkten Social Media Netzwerks Informationen. Der auf der Website platzierte Facebook-Link leitet auf die Facebook-Seite des ifz weiter.<\/p>\n<p><strong>Ihre Rechte<\/strong><\/p>\n<p>Ihnen stehen grunds\u00e4tzlich die Rechte auf Auskunft, Berichtigung, L\u00f6schung, Einschr\u00e4nkung, Daten\u00fcbertragbarkeit, Widerruf und Widerspruch zu. Wenn Sie glauben, dass die Verarbeitung Ihrer Daten gegen das Datenschutzrecht verst\u00f6\u00dft oder Ihre datenschutzrechtlichen Anspr\u00fcche sonst in einer Weise verletzt worden sind, k\u00f6nnen Sie sich bei der Aufsichtsbeh\u00f6rde beschweren. In \u00d6sterreich ist dies die Datenschutzbeh\u00f6rde.<\/p>\n<p><strong>F\u00fcr Anliegen und Fragen zum Datenschutz erreichen Sie uns unter folgenden Kontaktdaten<\/strong><\/p>\n<p>ifz. internationales forschungszentrum f\u00fcr soziale und ethische fragen, M\u00f6nchsberg 2A, 5020 Salzburg, Austria<br \/>\nTelefon: 0043 (0)662.842521.161<br \/>\nMail: <a href=\"mailto:datenschutz[at]ifz-salzburg.at\" target=\"_blank\" rel=\"noopener\">datenschutz [at] ifz-salzburg.at<\/a><\/p>\n<\/div>\n","protected":false},"excerpt":{"rendered":"<p>Privacy policy Our privacy policy is only available in german. Datenschutzerkl\u00e4rung Der Schutz Ihrer pers\u00f6nlichen Daten ist uns ein besonderes Anliegen. Wir verarbeiten Ihre Daten daher ausschlie\u00dflich auf Grundlage der gesetzlichen Bestimmungen (DSGVO, TKG 2003). Die nachfolgende Datenschutzerkl\u00e4rung informiert Sie \u00fcber die Erhebung und Verarbeitung von personenbezogenen Daten auf dieser Webseite. Es soll Ihnen erl\u00e4utert [&hellip;]<\/p>\n","protected":false},"author":1,"featured_media":0,"parent":0,"menu_order":1010,"comment_status":"closed","ping_status":"open","template":"","meta":{"_acf_changed":false,"footnotes":""},"class_list":["post-1665","page","type-page","status-publish","hentry"],"acf":[],"_links":{"self":[{"href":"https:\/\/www.ifz-salzburg.at\/en\/wp-json\/wp\/v2\/pages\/1665","targetHints":{"allow":["GET"]}}],"collection":[{"href":"https:\/\/www.ifz-salzburg.at\/en\/wp-json\/wp\/v2\/pages"}],"about":[{"href":"https:\/\/www.ifz-salzburg.at\/en\/wp-json\/wp\/v2\/types\/page"}],"author":[{"embeddable":true,"href":"https:\/\/www.ifz-salzburg.at\/en\/wp-json\/wp\/v2\/users\/1"}],"replies":[{"embeddable":true,"href":"https:\/\/www.ifz-salzburg.at\/en\/wp-json\/wp\/v2\/comments?post=1665"}],"version-history":[{"count":3,"href":"https:\/\/www.ifz-salzburg.at\/en\/wp-json\/wp\/v2\/pages\/1665\/revisions"}],"predecessor-version":[{"id":1940,"href":"https:\/\/www.ifz-salzburg.at\/en\/wp-json\/wp\/v2\/pages\/1665\/revisions\/1940"}],"wp:attachment":[{"href":"https:\/\/www.ifz-salzburg.at\/en\/wp-json\/wp\/v2\/media?parent=1665"}],"curies":[{"name":"wp","href":"https:\/\/api.w.org\/{rel}","templated":true}]}}